

			


			

			


			

			


			

			


			

			


			

			


			{"id":104,"date":"2018-12-26T17:10:11","date_gmt":"2018-12-26T16:10:11","guid":{"rendered":"http:\/\/pl-jesenwang.de\/?page_id=104"},"modified":"2023-08-31T17:42:39","modified_gmt":"2023-08-31T16:42:39","slug":"webcam","status":"publish","type":"page","link":"https:\/\/pl-jesenwang.de\/?page_id=104","title":{"rendered":"WebCams EDMJ"},"content":{"rendered":"<p>&nbsp;<\/p>\n<p>Hallo liebe EDMJ &#8211; Jesenwang Flugplatz Spotter<\/p>\n<p>die WebCams stellen alle 10 Minuten ein neues Bild zur Verf\u00fcgung. Jeweils sechs Bilder sind zu sehen und bieten Euch die M\u00f6glichkeit die Wetter-Situation vor Ort besser einzusch\u00e4tzen. Die angegebenen Zeiten werden in UTC oben links eingeblendet. Beide WebCams sind direkt am Tower installiert.<br \/>\n(Dies stellt keinerlei Wetterberatung oder vergleichbares dar)<\/p>\n<p><a href=\"http:\/\/\n\n\n\t\t&lt;script type=&quot;text\/javascript&quot;&gt;\n\n\n\t\t\tfunction timedRefresh(timeoutPeriod) {\n\n\n\t\t\t\tvar timer = setInterval(function() {\n\n\n\t\t\t\t\tif (timeoutPeriod &gt; 0) {\n\n\n\t\t\t\t\t\ttimeoutPeriod -= 1;\n\n\n\t\t\t\t\t\tdocument.getElementById(&quot;ticker&quot;).innerHTML = timeoutPeriod + &quot;..&quot; + &quot;&lt;br \/&gt;&quot;;\n\n\n\t\t\t\t\t} else {\n\n\n\t\t\t\t\tclearInterval(timer);\n\n\n\t\t\t\t\twindow.location.reload()\n\n\n\t\t\t\t\t};\n\n\n\t\t\t\t}, 1000);\n\n\n\t\t\t};\n\n\n\t\t\ttimedRefresh(90);\n\n\n\t\t&lt;\/script&gt;\t\n\n\n\t\t&lt;div id=&quot;ticker&quot; &gt;&lt;\/div&gt;\n\n\n\t\t\n\n\n\t&lt;style&gt;\n\n\n\t\/* Images dimension *\/\n\n\n\t\t.mySlides-container {\n\n\n\t\t\twidth: 95%;\n\n\n\t\t\tmargin: auto;\n\n\n\t\t\t}\n\n\n\t&lt;\/style&gt;\n\n\n\tMOD_ERROR_NO_IMAGES in this path: &quot;\/htdocs\/ftp_files_west\/files_west01\/FI9805W_00626E70D38E\/snap\/&quot;&lt;style&gt;\n\n\n\t\t\t\t&lt;!-- Fading animation  --&gt;\n\n\n\t\t\t\t\t.fade {\n\n\n\t\t\t\t\t\t-webkit-animation-name: fade; \/* Safari 4.0 - 8.0 *\/\n\n\n\t\t\t\t\t\t-webkit-animation-duration: 4s; \/* Safari 4.0 - 8.0 *\/\n\n\n\t\t\t\t\t\tanimation-name: fade;\n\n\n\t\t\t\t\t\tanimation-duration: 3.5s; \/* tempo totale in + out + immagine deve essere uguale a quello impostato su script *\/\n\n\n\t\t\t\t\t}\n\n\n\t\t\t\t&lt;\/style&gt;\n\n\n\t\t\t\t&lt;!-- Wrapper for slides --&gt;\t\t\t\t\n\n\n\t\t\t\t&lt;div class=&#039;mySlides-container&#039; id=&#039;style1&#039;&gt;\n\n\n\t\t\t\t&lt;div class=&#039;background&#039;&gt;\n\n\n\t\t\t\t\t&lt;\/div&gt;\n\n\n\t\t\t\t\t\n\n\n\t\t\t\t\t\t&lt;style&gt;\n\n\n\t\t\t\t\t\t.dot0{\n\n\n\t\t\t\t\t\t\theight: 3px;\n\n\n\t\t\t\t\t\t\twidth: 2%;\n\n\n\t\t\t\t\t\t\tmargin: 0 0px;\n\n\n\t\t\t\t\t\t\tbackground-color: #bbb;\n\n\n\t\t\t\t\t\t\tborder-radius: 50%;\n\n\n\t\t\t\t\t\t\tdisplay: inline-block;\n\n\n\t\t\t\t\t\t\ttransition: background-color 0.6s ease;\n\n\n\t\t\t\t\t\t\t}\n\n\n\t\t\t\t\t\t@media screen and (max-width: 620px) {\n\n\n\t\t\t\t\t\t\t.dot0{\n\n\n\t\t\t\t\t\t\theight: 2px;\n\n\n\t\t\t\t\t\t\twidth: 8px;\n\n\n\t\t\t\t\t\t\tmargin: 0 1px;\n\n\n\t\t\t\t\t\t\tbackground-color: #bbb;\n\n\n\t\t\t\t\t\t\tborder-radius: 50%;\n\n\n\t\t\t\t\t\t\tdisplay: inline-block;\n\n\n\t\t\t\t\t\t\ttransition: background-color 0.6s ease;\n\n\n\t\t\t\t\t\t\t}\n\n\n\t\t\t\t\t\t}\n\n\n\n\n\n\t\t\t\t\t\t@media screen and (max-width: 420px) {\n\n\n\t\t\t\t\t\t\t.dot0{\n\n\n\t\t\t\t\t\t\theight: 2px;\n\n\n\t\t\t\t\t\t\twidth: 4px;\n\n\n\t\t\t\t\t\t\tmargin: 0 0px;\n\n\n\t\t\t\t\t\t\tbackground-color: #bbb;\n\n\n\t\t\t\t\t\t\tborder-radius: 50%;\n\n\n\t\t\t\t\t\t\tdisplay: inline-block;\n\n\n\t\t\t\t\t\t\ttransition: background-color 0.6s ease;\n\n\n\t\t\t\t\t\t\t}\n\n\n\t\t\t\t\t\t}\n\n\n\t\t\t\t\t\t.dotact0{\n\n\n\t\t\t\t\t\t\tbackground-color: blue;\n\n\n\t\t\t\t\t\t}\n\n\n\t\t\t\t\t\t&lt;\/style&gt;\n\n\n\t\t\t\t\t\t\n\n\n\t\t\t\t\t&lt;div style=&#039;text-align:center&#039;&gt;&lt;\/div&gt;\n\n\n\t\t\t\t\t&lt;script&gt;\n\n\n\t\t\t\t\tvar slideIndex0 = 0;\n\n\n\t\t\t\t\tshowSlides0();\n\n\n\t\t\t\t\tfunction showSlides0() {\n\n\n\t\t\t\t\t\tvar i0;\n\n\n\t\t\t\t\t\tvar slides0 = document.getElementsByClassName(&#039;mySlides0&#039;);\n\n\n\t\t\t\t\t\tvar dots0 = document.getElementsByClassName(&#039;dot0&#039;);\n\n\n\t\t\t\t\t\tfor (i0 = 0; i0 &lt; slides0.length; i0++) {\n\n\n\t\t\t\t\t\t\tslides0[i0].style.display = &#039;none&#039;;  \n\n\n\t\t\t\t\t}\n\n\n\t\t\t\t\tslideIndex0++;\n\n\n\t\t\t\t\tif (slideIndex0 &gt; slides0.length) {slideIndex0 = 1}    \n\n\n\t\t\t\t\t\tfor (i0 = 0; i0 &lt; dots0.length; i0++) {\n\n\n\t\t\t\t\t\tdots0[i0].className = dots0[i0].className.replace(&#039; dotact0&#039;, &#039;&#039;);\n\n\n\t\t\t\t\t}\n\n\n\t\t\t\t\tslides0[slideIndex0-1].style.display = &#039;block&#039;;  \n\n\n\t\t\t\t\tdots0[slideIndex0-1].className += &#039; dotact0&#039;;\n\n\n\t\t\t\t\tsetTimeout(showSlides0, 3500); \n\n\n\t\t\t\t}\n\n\n\t\t\t\t&lt;\/script&gt;\n\n\n\t\t\t\t&lt;\/div&gt;\">\n\n\n\t\t<script type=\"text\/javascript\">\n\n\n\t\t\tfunction timedRefresh(timeoutPeriod) {\n\n\n\t\t\t\tvar timer = setInterval(function() {\n\n\n\t\t\t\t\tif (timeoutPeriod > 0) {\n\n\n\t\t\t\t\t\ttimeoutPeriod -= 1;\n\n\n\t\t\t\t\t\tdocument.getElementById(\"ticker\").innerHTML = timeoutPeriod + \"..\" + \"<br \/>\";\n\n\n\t\t\t\t\t} else {\n\n\n\t\t\t\t\tclearInterval(timer);\n\n\n\t\t\t\t\twindow.location.reload()\n\n\n\t\t\t\t\t};\n\n\n\t\t\t\t}, 1000);\n\n\n\t\t\t};\n\n\n\t\t\ttimedRefresh(90);\n\n\n\t\t<\/script>\t\n\n\n\t\t<div id=\"ticker\" ><\/div>\n\n\n\t\t\n\n\n\t<style>\n\n\n\t\/* Images dimension *\/\n\n\n\t\t.mySlides-container {\n\n\n\t\t\twidth: 95%;\n\n\n\t\t\tmargin: auto;\n\n\n\t\t\t}\n\n\n\t<\/style>\n\n\n\t<style>\n\n\n\t\t\t\t<!-- Fading animation  -->\n\n\n\t\t\t\t\t.fade {\n\n\n\t\t\t\t\t\t-webkit-animation-name: fade; \/* Safari 4.0 - 8.0 *\/\n\n\n\t\t\t\t\t\t-webkit-animation-duration: 4s; \/* Safari 4.0 - 8.0 *\/\n\n\n\t\t\t\t\t\tanimation-name: fade;\n\n\n\t\t\t\t\t\tanimation-duration: 3.5s; \/* tempo totale in + out + immagine deve essere uguale a quello impostato su script *\/\n\n\n\t\t\t\t\t}\n\n\n\t\t\t\t<\/style>\n\n\n\t\t\t\t<!-- Wrapper for slides -->\t\t\t\t\n\n\n\t\t\t\t<div class='mySlides-container' id='style1'>\n\n\n\t\t\t\t<div class='background'>\n\n\n\t\t\t\t\t\t<div class='mySlides1'>\n\n\n\t\t\t\t\t\t<img class='immagine' id='wimg1' src='https:\/\/pl-jesenwang.de\/files_west01\/FI9805W_00626E70D38E\/snap\/Schedule_20241219-152656.jpg' alt='Webcam img missing'\/>\n\n\n\t\t\t\t\t\t\n\n\n\t\t\t\t\t\t<\/div>\n\n\n\t\t\t\t\t\t\n\n\n\t\t\t\t\t<\/div>\n\n\n\t\t\t\t\t\n\n\n\t\t\t\t\t\t<style>\n\n\n\t\t\t\t\t\t.dot1{\n\n\n\t\t\t\t\t\t\theight: 3px;\n\n\n\t\t\t\t\t\t\twidth: 2%;\n\n\n\t\t\t\t\t\t\tmargin: 0 0px;\n\n\n\t\t\t\t\t\t\tbackground-color: #bbb;\n\n\n\t\t\t\t\t\t\tborder-radius: 50%;\n\n\n\t\t\t\t\t\t\tdisplay: inline-block;\n\n\n\t\t\t\t\t\t\ttransition: background-color 0.6s ease;\n\n\n\t\t\t\t\t\t\t}\n\n\n\t\t\t\t\t\t@media screen and (max-width: 620px) {\n\n\n\t\t\t\t\t\t\t.dot1{\n\n\n\t\t\t\t\t\t\theight: 2px;\n\n\n\t\t\t\t\t\t\twidth: 8px;\n\n\n\t\t\t\t\t\t\tmargin: 0 1px;\n\n\n\t\t\t\t\t\t\tbackground-color: #bbb;\n\n\n\t\t\t\t\t\t\tborder-radius: 50%;\n\n\n\t\t\t\t\t\t\tdisplay: inline-block;\n\n\n\t\t\t\t\t\t\ttransition: background-color 0.6s ease;\n\n\n\t\t\t\t\t\t\t}\n\n\n\t\t\t\t\t\t}\n\n\n\n\n\n\t\t\t\t\t\t@media screen and (max-width: 420px) {\n\n\n\t\t\t\t\t\t\t.dot1{\n\n\n\t\t\t\t\t\t\theight: 2px;\n\n\n\t\t\t\t\t\t\twidth: 4px;\n\n\n\t\t\t\t\t\t\tmargin: 0 0px;\n\n\n\t\t\t\t\t\t\tbackground-color: #bbb;\n\n\n\t\t\t\t\t\t\tborder-radius: 50%;\n\n\n\t\t\t\t\t\t\tdisplay: inline-block;\n\n\n\t\t\t\t\t\t\ttransition: background-color 0.6s ease;\n\n\n\t\t\t\t\t\t\t}\n\n\n\t\t\t\t\t\t}\n\n\n\t\t\t\t\t\t.dotact1{\n\n\n\t\t\t\t\t\t\tbackground-color: blue;\n\n\n\t\t\t\t\t\t}\n\n\n\t\t\t\t\t\t<\/style>\n\n\n\t\t\t\t\t\t\n\n\n\t\t\t\t\t<div style='text-align:center'>\t\t\t\t\t\t\n\n\n\t\t\t\t\t\t<span class='dot1'><\/span>\t\t\t\t\t\t\n\n\n\t\t\t\t\t\t<\/div>\n\n\n\t\t\t\t\t<script>\n\n\n\t\t\t\t\tvar slideIndex1 = 0;\n\n\n\t\t\t\t\tshowSlides1();\n\n\n\t\t\t\t\tfunction showSlides1() {\n\n\n\t\t\t\t\t\tvar i1;\n\n\n\t\t\t\t\t\tvar slides1 = document.getElementsByClassName('mySlides1');\n\n\n\t\t\t\t\t\tvar dots1 = document.getElementsByClassName('dot1');\n\n\n\t\t\t\t\t\tfor (i1 = 0; i1 < slides1.length; i1++) {\n\n\n\t\t\t\t\t\t\tslides1[i1].style.display = 'none';  \n\n\n\t\t\t\t\t}\n\n\n\t\t\t\t\tslideIndex1++;\n\n\n\t\t\t\t\tif (slideIndex1 > slides1.length) {slideIndex1 = 1}    \n\n\n\t\t\t\t\t\tfor (i1 = 0; i1 < dots1.length; i1++) {\n\n\n\t\t\t\t\t\tdots1[i1].className = dots1[i1].className.replace(' dotact1', '');\n\n\n\t\t\t\t\t}\n\n\n\t\t\t\t\tslides1[slideIndex1-1].style.display = 'block';  \n\n\n\t\t\t\t\tdots1[slideIndex1-1].className += ' dotact1';\n\n\n\t\t\t\t\tsetTimeout(showSlides1, 3500); \n\n\n\t\t\t\t}\n\n\n\t\t\t\t<\/script>\n\n\n\t\t\t\t<\/div><\/a><\/p>\n<p>..<br \/>\nIn der Ost-Richtung seht Ihr zwei Windr\u00e4der, diese sind vom Flugplatz etwa 4km bzw. 5,5km entfernt.<\/p>\n<p><a href=\"http:\/\/\n\n\n\t\t&lt;script type=&quot;text\/javascript&quot;&gt;\n\n\n\t\t\tfunction timedRefresh(timeoutPeriod) {\n\n\n\t\t\t\tvar timer = setInterval(function() {\n\n\n\t\t\t\t\tif (timeoutPeriod &gt; 0) {\n\n\n\t\t\t\t\t\ttimeoutPeriod -= 1;\n\n\n\t\t\t\t\t\tdocument.getElementById(&quot;ticker&quot;).innerHTML = timeoutPeriod + &quot;..&quot; + &quot;&lt;br \/&gt;&quot;;\n\n\n\t\t\t\t\t} else {\n\n\n\t\t\t\t\tclearInterval(timer);\n\n\n\t\t\t\t\twindow.location.reload()\n\n\n\t\t\t\t\t};\n\n\n\t\t\t\t}, 1000);\n\n\n\t\t\t};\n\n\n\t\t\ttimedRefresh(90);\n\n\n\t\t&lt;\/script&gt;\t\n\n\n\t\t&lt;div id=&quot;ticker&quot; &gt;&lt;\/div&gt;\n\n\n\t\t\n\n\n\t&lt;style&gt;\n\n\n\t\/* Images dimension *\/\n\n\n\t\t.mySlides-container {\n\n\n\t\t\twidth: 95%;\n\n\n\t\t\tmargin: auto;\n\n\n\t\t\t}\n\n\n\t&lt;\/style&gt;\n\n\n\tMOD_ERROR_NO_IMAGES in this path: &quot;\/htdocs\/ftp_files_ost\/files_ost01\/FI9805W_00626E516E1C\/snap\/&quot;&lt;style&gt;\n\n\n\t\t\t\t&lt;!-- Fading animation  --&gt;\n\n\n\t\t\t\t\t.fade {\n\n\n\t\t\t\t\t\t-webkit-animation-name: fade; \/* Safari 4.0 - 8.0 *\/\n\n\n\t\t\t\t\t\t-webkit-animation-duration: 4s; \/* Safari 4.0 - 8.0 *\/\n\n\n\t\t\t\t\t\tanimation-name: fade;\n\n\n\t\t\t\t\t\tanimation-duration: 3.5s; \/* tempo totale in + out + immagine deve essere uguale a quello impostato su script *\/\n\n\n\t\t\t\t\t}\n\n\n\t\t\t\t&lt;\/style&gt;\n\n\n\t\t\t\t&lt;!-- Wrapper for slides --&gt;\t\t\t\t\n\n\n\t\t\t\t&lt;div class=&#039;mySlides-container&#039; id=&#039;style1&#039;&gt;\n\n\n\t\t\t\t&lt;div class=&#039;background&#039;&gt;\n\n\n\t\t\t\t\t&lt;\/div&gt;\n\n\n\t\t\t\t\t\n\n\n\t\t\t\t\t\t&lt;style&gt;\n\n\n\t\t\t\t\t\t.dot0{\n\n\n\t\t\t\t\t\t\theight: 3px;\n\n\n\t\t\t\t\t\t\twidth: 2%;\n\n\n\t\t\t\t\t\t\tmargin: 0 0px;\n\n\n\t\t\t\t\t\t\tbackground-color: #bbb;\n\n\n\t\t\t\t\t\t\tborder-radius: 50%;\n\n\n\t\t\t\t\t\t\tdisplay: inline-block;\n\n\n\t\t\t\t\t\t\ttransition: background-color 0.6s ease;\n\n\n\t\t\t\t\t\t\t}\n\n\n\t\t\t\t\t\t@media screen and (max-width: 620px) {\n\n\n\t\t\t\t\t\t\t.dot0{\n\n\n\t\t\t\t\t\t\theight: 2px;\n\n\n\t\t\t\t\t\t\twidth: 8px;\n\n\n\t\t\t\t\t\t\tmargin: 0 1px;\n\n\n\t\t\t\t\t\t\tbackground-color: #bbb;\n\n\n\t\t\t\t\t\t\tborder-radius: 50%;\n\n\n\t\t\t\t\t\t\tdisplay: inline-block;\n\n\n\t\t\t\t\t\t\ttransition: background-color 0.6s ease;\n\n\n\t\t\t\t\t\t\t}\n\n\n\t\t\t\t\t\t}\n\n\n\n\n\n\t\t\t\t\t\t@media screen and (max-width: 420px) {\n\n\n\t\t\t\t\t\t\t.dot0{\n\n\n\t\t\t\t\t\t\theight: 2px;\n\n\n\t\t\t\t\t\t\twidth: 4px;\n\n\n\t\t\t\t\t\t\tmargin: 0 0px;\n\n\n\t\t\t\t\t\t\tbackground-color: #bbb;\n\n\n\t\t\t\t\t\t\tborder-radius: 50%;\n\n\n\t\t\t\t\t\t\tdisplay: inline-block;\n\n\n\t\t\t\t\t\t\ttransition: background-color 0.6s ease;\n\n\n\t\t\t\t\t\t\t}\n\n\n\t\t\t\t\t\t}\n\n\n\t\t\t\t\t\t.dotact0{\n\n\n\t\t\t\t\t\t\tbackground-color: blue;\n\n\n\t\t\t\t\t\t}\n\n\n\t\t\t\t\t\t&lt;\/style&gt;\n\n\n\t\t\t\t\t\t\n\n\n\t\t\t\t\t&lt;div style=&#039;text-align:center&#039;&gt;&lt;\/div&gt;\n\n\n\t\t\t\t\t&lt;script&gt;\n\n\n\t\t\t\t\tvar slideIndex0 = 0;\n\n\n\t\t\t\t\tshowSlides0();\n\n\n\t\t\t\t\tfunction showSlides0() {\n\n\n\t\t\t\t\t\tvar i0;\n\n\n\t\t\t\t\t\tvar slides0 = document.getElementsByClassName(&#039;mySlides0&#039;);\n\n\n\t\t\t\t\t\tvar dots0 = document.getElementsByClassName(&#039;dot0&#039;);\n\n\n\t\t\t\t\t\tfor (i0 = 0; i0 &lt; slides0.length; i0++) {\n\n\n\t\t\t\t\t\t\tslides0[i0].style.display = &#039;none&#039;;  \n\n\n\t\t\t\t\t}\n\n\n\t\t\t\t\tslideIndex0++;\n\n\n\t\t\t\t\tif (slideIndex0 &gt; slides0.length) {slideIndex0 = 1}    \n\n\n\t\t\t\t\t\tfor (i0 = 0; i0 &lt; dots0.length; i0++) {\n\n\n\t\t\t\t\t\tdots0[i0].className = dots0[i0].className.replace(&#039; dotact0&#039;, &#039;&#039;);\n\n\n\t\t\t\t\t}\n\n\n\t\t\t\t\tslides0[slideIndex0-1].style.display = &#039;block&#039;;  \n\n\n\t\t\t\t\tdots0[slideIndex0-1].className += &#039; dotact0&#039;;\n\n\n\t\t\t\t\tsetTimeout(showSlides0, 3500); \n\n\n\t\t\t\t}\n\n\n\t\t\t\t&lt;\/script&gt;\n\n\n\t\t\t\t&lt;\/div&gt;\">\n\n\n\t\t<script type=\"text\/javascript\">\n\n\n\t\t\tfunction timedRefresh(timeoutPeriod) {\n\n\n\t\t\t\tvar timer = setInterval(function() {\n\n\n\t\t\t\t\tif (timeoutPeriod > 0) {\n\n\n\t\t\t\t\t\ttimeoutPeriod -= 1;\n\n\n\t\t\t\t\t\tdocument.getElementById(\"ticker\").innerHTML = timeoutPeriod + \"..\" + \"<br \/>\";\n\n\n\t\t\t\t\t} else {\n\n\n\t\t\t\t\tclearInterval(timer);\n\n\n\t\t\t\t\twindow.location.reload()\n\n\n\t\t\t\t\t};\n\n\n\t\t\t\t}, 1000);\n\n\n\t\t\t};\n\n\n\t\t\ttimedRefresh(90);\n\n\n\t\t<\/script>\t\n\n\n\t\t<div id=\"ticker\" ><\/div>\n\n\n\t\t\n\n\n\t<style>\n\n\n\t\/* Images dimension *\/\n\n\n\t\t.mySlides-container {\n\n\n\t\t\twidth: 95%;\n\n\n\t\t\tmargin: auto;\n\n\n\t\t\t}\n\n\n\t<\/style>\n\n\n\t<style>\n\n\n\t\t\t\t<!-- Fading animation  -->\n\n\n\t\t\t\t\t.fade {\n\n\n\t\t\t\t\t\t-webkit-animation-name: fade; \/* Safari 4.0 - 8.0 *\/\n\n\n\t\t\t\t\t\t-webkit-animation-duration: 4s; \/* Safari 4.0 - 8.0 *\/\n\n\n\t\t\t\t\t\tanimation-name: fade;\n\n\n\t\t\t\t\t\tanimation-duration: 3.5s; \/* tempo totale in + out + immagine deve essere uguale a quello impostato su script *\/\n\n\n\t\t\t\t\t}\n\n\n\t\t\t\t<\/style>\n\n\n\t\t\t\t<!-- Wrapper for slides -->\t\t\t\t\n\n\n\t\t\t\t<div class='mySlides-container' id='style1'>\n\n\n\t\t\t\t<div class='background'>\n\n\n\t\t\t\t\t\t<div class='mySlides2'>\n\n\n\t\t\t\t\t\t<img class='immagine' id='wimg1' src='https:\/\/pl-jesenwang.de\/files_ost01\/FI9805W_00626E516E1C\/snap\/Schedule_20260416-193043.jpg' alt='Webcam img missing'\/>\n\n\n\t\t\t\t\t\t\n\n\n\t\t\t\t\t\t<\/div>\n\n\n\t\t\t\t\t\t\n\n\n\t\t\t\t\t\t<div class='mySlides2'>\n\n\n\t\t\t\t\t\t<img class='immagine' id='wimg1' src='https:\/\/pl-jesenwang.de\/files_ost01\/FI9805W_00626E516E1C\/snap\/Schedule_20260416-194043.jpg' alt='Webcam img missing'\/>\n\n\n\t\t\t\t\t\t\n\n\n\t\t\t\t\t\t<\/div>\n\n\n\t\t\t\t\t\t\n\n\n\t\t\t\t\t\t<div class='mySlides2'>\n\n\n\t\t\t\t\t\t<img class='immagine' id='wimg1' src='https:\/\/pl-jesenwang.de\/files_ost01\/FI9805W_00626E516E1C\/snap\/Schedule_20260416-195043.jpg' alt='Webcam img missing'\/>\n\n\n\t\t\t\t\t\t\n\n\n\t\t\t\t\t\t<\/div>\n\n\n\t\t\t\t\t\t\n\n\n\t\t\t\t\t\t<div class='mySlides2'>\n\n\n\t\t\t\t\t\t<img class='immagine' id='wimg1' src='https:\/\/pl-jesenwang.de\/files_ost01\/FI9805W_00626E516E1C\/snap\/Schedule_20260416-200043.jpg' alt='Webcam img missing'\/>\n\n\n\t\t\t\t\t\t\n\n\n\t\t\t\t\t\t<\/div>\n\n\n\t\t\t\t\t\t\n\n\n\t\t\t\t\t\t<div class='mySlides2'>\n\n\n\t\t\t\t\t\t<img class='immagine' id='wimg1' src='https:\/\/pl-jesenwang.de\/files_ost01\/FI9805W_00626E516E1C\/snap\/Schedule_20260416-201043.jpg' alt='Webcam img missing'\/>\n\n\n\t\t\t\t\t\t\n\n\n\t\t\t\t\t\t<\/div>\n\n\n\t\t\t\t\t\t\n\n\n\t\t\t\t\t\t<div class='mySlides2'>\n\n\n\t\t\t\t\t\t<img class='immagine' id='wimg1' src='https:\/\/pl-jesenwang.de\/files_ost01\/FI9805W_00626E516E1C\/snap\/Schedule_20260416-202043.jpg' alt='Webcam img missing'\/>\n\n\n\t\t\t\t\t\t\n\n\n\t\t\t\t\t\t<\/div>\n\n\n\t\t\t\t\t\t\n\n\n\t\t\t\t\t<\/div>\n\n\n\t\t\t\t\t\n\n\n\t\t\t\t\t\t<style>\n\n\n\t\t\t\t\t\t.dot2{\n\n\n\t\t\t\t\t\t\theight: 3px;\n\n\n\t\t\t\t\t\t\twidth: 2%;\n\n\n\t\t\t\t\t\t\tmargin: 0 0px;\n\n\n\t\t\t\t\t\t\tbackground-color: #bbb;\n\n\n\t\t\t\t\t\t\tborder-radius: 50%;\n\n\n\t\t\t\t\t\t\tdisplay: inline-block;\n\n\n\t\t\t\t\t\t\ttransition: background-color 0.6s ease;\n\n\n\t\t\t\t\t\t\t}\n\n\n\t\t\t\t\t\t@media screen and (max-width: 620px) {\n\n\n\t\t\t\t\t\t\t.dot2{\n\n\n\t\t\t\t\t\t\theight: 2px;\n\n\n\t\t\t\t\t\t\twidth: 8px;\n\n\n\t\t\t\t\t\t\tmargin: 0 1px;\n\n\n\t\t\t\t\t\t\tbackground-color: #bbb;\n\n\n\t\t\t\t\t\t\tborder-radius: 50%;\n\n\n\t\t\t\t\t\t\tdisplay: inline-block;\n\n\n\t\t\t\t\t\t\ttransition: background-color 0.6s ease;\n\n\n\t\t\t\t\t\t\t}\n\n\n\t\t\t\t\t\t}\n\n\n\n\n\n\t\t\t\t\t\t@media screen and (max-width: 420px) {\n\n\n\t\t\t\t\t\t\t.dot2{\n\n\n\t\t\t\t\t\t\theight: 2px;\n\n\n\t\t\t\t\t\t\twidth: 4px;\n\n\n\t\t\t\t\t\t\tmargin: 0 0px;\n\n\n\t\t\t\t\t\t\tbackground-color: #bbb;\n\n\n\t\t\t\t\t\t\tborder-radius: 50%;\n\n\n\t\t\t\t\t\t\tdisplay: inline-block;\n\n\n\t\t\t\t\t\t\ttransition: background-color 0.6s ease;\n\n\n\t\t\t\t\t\t\t}\n\n\n\t\t\t\t\t\t}\n\n\n\t\t\t\t\t\t.dotact2{\n\n\n\t\t\t\t\t\t\tbackground-color: blue;\n\n\n\t\t\t\t\t\t}\n\n\n\t\t\t\t\t\t<\/style>\n\n\n\t\t\t\t\t\t\n\n\n\t\t\t\t\t<div style='text-align:center'>\t\t\t\t\t\t\n\n\n\t\t\t\t\t\t<span class='dot2'><\/span>\t\t\t\t\t\t\n\n\n\t\t\t\t\t\t\t\t\t\t\t\t\n\n\n\t\t\t\t\t\t<span class='dot2'><\/span>\t\t\t\t\t\t\n\n\n\t\t\t\t\t\t\t\t\t\t\t\t\n\n\n\t\t\t\t\t\t<span class='dot2'><\/span>\t\t\t\t\t\t\n\n\n\t\t\t\t\t\t\t\t\t\t\t\t\n\n\n\t\t\t\t\t\t<span class='dot2'><\/span>\t\t\t\t\t\t\n\n\n\t\t\t\t\t\t\t\t\t\t\t\t\n\n\n\t\t\t\t\t\t<span class='dot2'><\/span>\t\t\t\t\t\t\n\n\n\t\t\t\t\t\t\t\t\t\t\t\t\n\n\n\t\t\t\t\t\t<span class='dot2'><\/span>\t\t\t\t\t\t\n\n\n\t\t\t\t\t\t<\/div>\n\n\n\t\t\t\t\t<script>\n\n\n\t\t\t\t\tvar slideIndex2 = 0;\n\n\n\t\t\t\t\tshowSlides2();\n\n\n\t\t\t\t\tfunction showSlides2() {\n\n\n\t\t\t\t\t\tvar i2;\n\n\n\t\t\t\t\t\tvar slides2 = document.getElementsByClassName('mySlides2');\n\n\n\t\t\t\t\t\tvar dots2 = document.getElementsByClassName('dot2');\n\n\n\t\t\t\t\t\tfor (i2 = 0; i2 < slides2.length; i2++) {\n\n\n\t\t\t\t\t\t\tslides2[i2].style.display = 'none';  \n\n\n\t\t\t\t\t}\n\n\n\t\t\t\t\tslideIndex2++;\n\n\n\t\t\t\t\tif (slideIndex2 > slides2.length) {slideIndex2 = 1}    \n\n\n\t\t\t\t\t\tfor (i2 = 0; i2 < dots2.length; i2++) {\n\n\n\t\t\t\t\t\tdots2[i2].className = dots2[i2].className.replace(' dotact2', '');\n\n\n\t\t\t\t\t}\n\n\n\t\t\t\t\tslides2[slideIndex2-1].style.display = 'block';  \n\n\n\t\t\t\t\tdots2[slideIndex2-1].className += ' dotact2';\n\n\n\t\t\t\t\tsetTimeout(showSlides2, 3500); \n\n\n\t\t\t\t}\n\n\n\t\t\t\t<\/script>\n\n\n\t\t\t\t<\/div><\/a><\/p>\n<p>Danke an den Flugplatz Jesenwang, der es uns erm\u00f6glicht die Cams durch die Nutzung dessen Infrastruktur zu betreiben.<\/p>\n","protected":false},"excerpt":{"rendered":"<p>&nbsp; Hallo liebe EDMJ &#8211; Jesenwang Flugplatz Spotter die WebCams stellen alle 10 Minuten ein neues Bild zur Verf\u00fcgung. Jeweils sechs Bilder sind zu sehen und bieten Euch die M\u00f6glichkeit die Wetter-Situation vor Ort besser einzusch\u00e4tzen. Die angegebenen Zeiten werden in UTC oben links eingeblendet. Beide WebCams sind direkt am Tower installiert. (Dies stellt keinerlei <a class=\"more-link\" href=\"https:\/\/pl-jesenwang.de\/?page_id=104\">weiterlesen&#8230;<\/a><\/p>\n","protected":false},"author":1,"featured_media":0,"parent":0,"menu_order":6,"comment_status":"closed","ping_status":"closed","template":"","meta":{"footnotes":""},"class_list":["post-104","page","type-page","status-publish","hentry"],"_links":{"self":[{"href":"https:\/\/pl-jesenwang.de\/index.php?rest_route=\/wp\/v2\/pages\/104","targetHints":{"allow":["GET"]}}],"collection":[{"href":"https:\/\/pl-jesenwang.de\/index.php?rest_route=\/wp\/v2\/pages"}],"about":[{"href":"https:\/\/pl-jesenwang.de\/index.php?rest_route=\/wp\/v2\/types\/page"}],"author":[{"embeddable":true,"href":"https:\/\/pl-jesenwang.de\/index.php?rest_route=\/wp\/v2\/users\/1"}],"replies":[{"embeddable":true,"href":"https:\/\/pl-jesenwang.de\/index.php?rest_route=%2Fwp%2Fv2%2Fcomments&post=104"}],"version-history":[{"count":54,"href":"https:\/\/pl-jesenwang.de\/index.php?rest_route=\/wp\/v2\/pages\/104\/revisions"}],"predecessor-version":[{"id":261,"href":"https:\/\/pl-jesenwang.de\/index.php?rest_route=\/wp\/v2\/pages\/104\/revisions\/261"}],"wp:attachment":[{"href":"https:\/\/pl-jesenwang.de\/index.php?rest_route=%2Fwp%2Fv2%2Fmedia&parent=104"}],"curies":[{"name":"wp","href":"https:\/\/api.w.org\/{rel}","templated":true}]}}