{"id":4,"date":"2018-07-22T17:25:09","date_gmt":"2018-07-22T16:25:09","guid":{"rendered":"http:\/\/pl-jesenwang.de\/?page_id=4"},"modified":"2022-11-24T09:21:33","modified_gmt":"2022-11-24T08:21:33","slug":"datenschutzerklaerung","status":"publish","type":"page","link":"https:\/\/pl-jesenwang.de\/?page_id=4","title":{"rendered":"Impressum &#038; DSGVO"},"content":{"rendered":"<p>Beitrittsformular\u00a0 \u00a0 \u00a0 \u00a0 \u00a0 \u00a0 \u00a0 \u00a0 \u00a0 <a href=\"https:\/\/pl-jesenwang.de\/wp-content\/uploads\/2018\/12\/ProLuftfahrt_Beitrittsformular_A5_2019.pdf\" target=\"_blank\" rel=\"noopener noreferrer\">Beitrittsformular Pro Luftfahrt Jesenwang e.V.<\/a><br \/>\nVereinssatzung\u00a0 \u00a0 \u00a0 \u00a0 \u00a0 \u00a0 \u00a0 \u00a0 \u00a0 <a href=\"https:\/\/pl-jesenwang.de\/wp-content\/uploads\/2019\/09\/Vereinssatzung_ProLuftfahrt_EDMJ.pdf\" target=\"_blank\" rel=\"noopener noreferrer\">Vereinssatzung Pro Luftfahrt Jesenwang e.V.<\/a><br \/>\nDatenschutz (DSGVO)\u00a0 \u00a0 \u00a0 \u00a0<a href=\"https:\/\/pl-jesenwang.de\/wp-content\/uploads\/2018\/12\/DSGVO_Mitglieder_001.pdf\" target=\"_blank\" rel=\"noopener noreferrer\">DSGVO zur Unterzeichnung Mitglieder<\/a><\/p>\n<p>&nbsp;<\/p>\n<p><strong>Pro Luftfahrt Jesenwang e.V.<\/strong><br \/>\nAm Flugplatz<br \/>\n82287 Jesenwang<\/p>\n<p><strong>Vertreten durch den Pr\u00e4sidenten:<\/strong><br \/>\nAndreas Isenberg<\/p>\n<p><strong>Eingetragen im Vereinsregister:<\/strong><br \/>\nbeim AG M\u00fcnchen unter VR40542<br \/>\nGegr\u00fcndet: 1990, Jesenwang<\/p>\n<p><strong>Verantwortlich f\u00fcr den Inhalt gem. \u00a7 55 Abs. 2 RStV:<\/strong><br \/>\nT.Strohmeier VisdP<br \/>\nRoemerstrasse 11, 82287 Jesenwang<\/p>\n<p style=\"text-align: justify;\"><strong>Bild- &amp; Textrechte<\/strong><br \/>\nBildmaterial von Dritten wird auf Wunsch der \u00dcberlasser gekennzeichnet. Unverlangt eingesandtes Bild- und Textmaterial wird, soweit bekannt mit dem Namen des Verfassers \/ \u00dcberlassers versehen, oder hier im Impressum namentlich erw\u00e4hnt.\u00a0Sollten Sie ein Bild entdecken, welches nachweislich von Ihnen ist und Sie dessen Ver\u00f6ffentlichung nicht w\u00fcnschen &#8211; so bitten wir um Ihren schriftlichen Hinweis hierauf.\u00a0Wir werden dieses dann entweder kennzeichnen, oder entfernen. Bitte beachten Sie bzgl. ver\u00f6ffentlichtem Bild- und Textmaterial auch die untenstehenden Informationen zur Datenschutz-Grundverordnung (DSGVO).<\/p>\n<p style=\"text-align: justify;\">Beitr\u00e4ge (als Bild oder Text) sind Spenden der Einsender. Mit \u00dcbergabe der Manuskripte und beigef\u00fcgter Bilder versichert der Verfasser, dass er das alleinige und uneingeschr\u00e4nkte Recht an ihnen besitzt. Alle Rechte, auch die der \u00dcbersetzung, Druck oder weitere Verwendung in elektronischen Medien von Teilen der Website sind vorbehalten.<\/p>\n<p><strong>Der Verein bedankt sich besonders bei den fleissigen Fotografen(innen) und Redakteuren(innen):<\/strong><br \/>\nHelga Asenbaum, Beatrix Dargel, Gero Dargel, J\u00fcrgen Schelling, Thomas Diehl, Andreas Leberle, Klaus Kutzeck, Thomas Strohmeier, Andreas Isenberg und vielen weiteren (bisher) ungenannten.<\/p>\n<p>&nbsp;<\/p>\n<p>Die europ\u00e4ische Datenschutzverordnung finden Sie nachfolgend<br \/>\nDATENSCHUTZERKL\u00c4RUNG &#8211;\u00a0gem. DSGVO<\/p>\n<p><strong>Allgemeine Hinweise<br \/>\n<\/strong>Nachfolgend mo\u0308chten wir Sie u\u0308ber die Art, den Umfang und die Zwecke der Erhebung und Verwendung Ihrer personenbezogenen Daten auf unserer Webseite informieren. Wir behandeln personenbezogene Daten gema\u0308\u00df dieser Datenschutzerkla\u0308rung und der gesetzlichen Vorschriften grundsa\u0308tzlich vertraulich. Den Schutz Ihrer perso\u0308nlichen Daten nehmen wir sehr ernst.<strong><br \/>\n<\/strong><\/p>\n<p>Wenn Sie unsere Website benutzen, werden verschiedene personenbezogene Daten erhoben. Personenbezogene Daten sind Daten, mit denen Sie perso\u0308nlich identifiziert werden ko\u0308nnen. Die vorliegende Datenschutzerkla\u0308rung erla\u0308utert, welche Daten wir erheben und wofu\u0308r wir diese nutzen. Sie erla\u0308utert auch, wie und zu welchem Zweck das geschieht. Eine Datenu\u0308bertragung im Internet kann z.B. bei E-Mail-Kommunikation Sicherheitslu\u0308cken aufweisen.<\/p>\n<p>Wir mo\u0308chten Sie darauf hinweisen, dass ein lu\u0308ckenloser Schutz der Daten vor dem Zugriff durch Dritte nicht mo\u0308glich ist.<\/p>\n<p><strong>Datenerfassung auf unserer Website<br \/>\n<\/strong>Wer ist verantwortlich fu\u0308r die Datenerfassung auf dieser Website?<br \/>\nVerein: Pro Luftfahrt Jesenwang e.V., Flugplatz, 82287 Jesenwang, Tel.: 08202\/9049856 (Pr\u00e4sident Andreas Isenberg), Email: info@proluftfahrt-jesenwang.de.<\/p>\n<p>Vorstand i. S. d. \u00a7 26 BGB: Pr\u00e4sident Andreas Isenberg, Vizepr\u00e4sident Thomas Strohmeier, weiteres Vorstandsmitglied Gero Dargel, Schatzmeister Markus Wagner, Schriftf\u00fchrerin Marika Walch.<\/p>\n<p>Hosting und Website Pflege: Thomas Strohmeier, Email: info@proluftfahrt-jesenwang.de<\/p>\n<ol start=\"2\">\n<li>Unsere in Anspruch genommenen Hosting-Leistungen, um den Betrieb der Homepage sicherzustellen, umfassen folgende Leistungen: Plattformdienstleistungen, Webspace, Datenbank, technische Wartung.<\/li>\n<\/ol>\n<p><strong>Welche Daten werden erfasst und wie?<br \/>\n<\/strong>Server-Log-Dateien<br \/>\nDer Provider der Seiten erhebt und speichert automatisch Informationen in so genannten Server-Log- Dateien, die Ihr Browser automatisch u\u0308bermittelt. Dies sind:<\/p>\n<ul>\n<li>\uf020\u00a0Browsertyp und Browserversion<\/li>\n<li>\uf020\u00a0verwendetes Betriebssystem<\/li>\n<li>\uf020\u00a0Referrer URL<\/li>\n<li>\uf020\u00a0Hostname des zugreifenden Rechners<\/li>\n<li>\uf020\u00a0Uhrzeit der Serveranfrage<\/li>\n<li>\uf020\u00a0IP-Adresse<\/li>\n<\/ul>\n<p>Diese werden beno\u0308tigt, um Angriffe, einen fehlerhaften Code oder allgemeine Fehler zu identifizieren und werden nach vier Wochen vom Webserver automatisch gelo\u0308scht. Eine Zusammenfu\u0308hrung dieser Daten mit anderen Datenquellen findet nicht statt. Grundlage fu\u0308r die Datenverarbeitung ist Art. 6 Abs. 1, b DSGVO, der die Verarbeitung von Daten zur Erfu\u0308llung eines Vertrags oder vorvertraglicher Ma\u00dfnahmen gestattet.<\/p>\n<p><strong>Cookies<br \/>\n<\/strong>Die Internetseiten verwenden so genannte Cookies. Cookies richten auf Ihrem Rechner keinen Schaden an und enthalten keine Viren. Cookies dienen dazu, unser Angebot nutzerfreundlicher, effektiver und sicherer zu machen. Cookies sind kleine Textdateien, die auf Ihrem Rechner abgelegt werden und die Ihr Browser speichert.<\/p>\n<p>Die meisten der von uns verwendeten Cookies sind so genannte \u201cSession-Cookies\u201d. Sie werden nach Ende Ihres Besuchs automatisch gelo\u0308scht. Andere Cookies bleiben auf Ihrem Endgera\u0308t gespeichert bis Sie diese lo\u0308schen. Diese Cookies ermo\u0308glichen es uns, Ihren Browser beim na\u0308chsten Besuch wiederzuerkennen.<\/p>\n<p>Sie ko\u0308nnen Ihren Browser so einstellen, dass Sie u\u0308ber das Setzen von Cookies informiert werden und Cookies nur im Einzelfall erlauben, die Annahme von Cookies fu\u0308r bestimmte Fa\u0308lle oder generell ausschlie\u00dfen sowie das automatische Lo\u0308schen der Cookies beim Schlie\u00dfen des Browsers aktivieren. Bei der Deaktivierung von Cookies kann die Funktionalita\u0308t dieser Website eingeschra\u0308nkt sein.<\/p>\n<p>Cookies, die zur Durchfu\u0308hrung des elektronischen Kommunikationsvorgangs oder zur Bereitstellung bestimmter, von Ihnen erwu\u0308nschter Funktionen erforderlich sind, werden auf Grundlage von Art. 6 Abs. 1, f DSGVO gespeichert. Der Websitebetreiber hat ein berechtigtes Interesse an der Speicherung von Cookies zur technisch fehlerfreien und optimierten Bereitstellung seiner Dienste.<\/p>\n<p><strong>Wofu\u0308r werden erhobene Daten genutzt?<br \/>\n<\/strong>Ein Teil der Daten wird erhoben, um eine fehlerfreie Bereitstellung der Website zu gewa\u0308hrleisten. Andere Daten ko\u0308nnen zur Analyse des Nutzerverhaltens verwendet werden.<\/p>\n<p>Analyse-Tools und Tools von Drittanbietern<br \/>\nWir verwenden keine Analyse-Tools und Tools von Drittanbietern.<\/p>\n<p><strong>Kontaktformulare, RSS-Feeds, Onlinemelder<br \/>\n<\/strong>Wir verarbeiten Daten (z. B. Namen und Adressen sowie Kontaktdaten von Nutzern), die in den Kontaktformularen, Anmeldung fu\u0308r RSS-Feeds oder im Onlinemelder erhoben werden, um vertraglichen Verpflichtungen, Serviceleistungen und der Organisation von Veranstaltungen nachzukommen.<\/p>\n<p><strong>Welche Rechte haben Sie bezu\u0308glich Ihrer Daten?<br \/>\n<\/strong>Auskunft, Sperrung, Lo\u0308schung:<\/p>\n<p>Sie haben jederzeit das Recht unentgeltlich Auskunft u\u0308ber Herkunft, Empfa\u0308nger und Zweck Ihrer gespeicherten personenbezogenen Daten zu erhalten. Sie haben au\u00dferdem das Recht, die Berichtigung, Sperrung oder Lo\u0308schung Ihrer Daten zu verlangen. Des Weiteren steht Ihnen ein Beschwerderecht bei der zusta\u0308ndigen Aufsichtsbeho\u0308rde zu.<\/p>\n<p>Widerruf Ihrer Einwilligung zur Datenverarbeitung:<br \/>\nViele Datenverarbeitungsvorga\u0308nge sind nur mit Ihrer ausdru\u0308cklichen Einwilligung mo\u0308glich. Sie ko\u0308nnen eine bereits erteilte Einwilligung jederzeit widerrufen. Dazu reicht eine formlose Mitteilung per E-Mail an uns. Die Rechtma\u0308\u00dfigkeit der bis zum Widerruf erfolgten Datenverarbeitung bleibt vom Widerruf unberu\u0308hrt.<\/p>\n<p>Vero\u0308ffentlichung von Daten und Fotos auf der Homepage:<br \/>\nIn unseren online-Medien wird von Wettbewerben in Ton, Bild, Video und Text berichtet.\u00a0Mit der Teilnahme an einer Veranstaltung des Vereins Pro Luftfahrt Jesenwang e.V. erkla\u0308rt sich der Teilnehmer bereit, dass diese Daten, Bilder, Videos erfasst und vero\u0308ffentlicht werden. Eine spa\u0308tere Lo\u0308schung dieser erfolgt daher nicht, auch nicht bei Austritt des Teilnehmers aus dem Verein.<\/p>\n<p>Mitglieder und Besucher, die eine Vero\u0308ffentlichung ihrer Daten oder Vero\u0308ffentlichung ihrer Person in Ton, Bild oder Film nicht wu\u0308nschen, du\u0308rfen daher nicht an der Veranstaltung teilnehmen.<\/p>\n<p>Das Beschwerderecht liegt bei der zusta\u0308ndigen Aufsichtsbeho\u0308rde<\/p>\n<p>Im Falle datenschutzrechtlicher Versto\u0308\u00dfe steht dem Betroffenen ein Beschwerderecht bei der zusta\u0308ndigen Aufsichtsbeho\u0308rde zu. Die Beschwerde kann u\u0308ber den Link <a href=\"https:\/\/www.lda.bayern.de\/de\/beschwerde.html\">https:\/\/www.lda.bayern.de\/de\/beschwerde.html<\/a> an die zusta\u0308ndigen Landesdatenschutzbeauftragten der Aufsichtsbeho\u0308rde in Bayern erfolgen.<\/p>\n<p>Recht auf Datenu\u0308bertragbarkeit:<br \/>\nSie haben das Recht, Daten, die wir auf Grundlage Ihrer Einwilligung oder in Erfu\u0308llung eines Vertrags automatisiert verarbeiten, an sich oder an einen Dritten in einem ga\u0308ngigen, maschinenlesbaren Format ausha\u0308ndigen zu lassen. Sofern Sie die direkte U\u0308bertragung der Daten an einen anderen Verantwortlichen verlangen, erfolgt dies nur, soweit es technisch machbar ist.<\/p>\n<p>SSL- bzw. TLS-Verschlu\u0308sselung:<br \/>\nDiese Seite nutzt aus Sicherheitsgru\u0308nden und zum Schutz der U\u0308bertragung vertraulicher Inhalte, wie zum Beispiel Bestellungen oder Anfragen, die Sie an uns als Seitenbetreiber senden, eine SSL-bzw. TLS-Verschlu\u0308sselung. Eine verschlu\u0308sselte Verbindung erkennen Sie daran, dass die Adresszeile des Browsers von \u201chttp:\/\/\u201d auf \u201chttps:\/\/\u201d wechselt und an dem Schloss-Symbol in Ihrer Browserzeile. Wenn die SSL- bzw. TLS-Verschlu\u0308sselung aktiviert ist, ko\u0308nnen die Daten, die Sie an uns u\u0308bermitteln, nicht von Dritten mitgelesen werden.<\/p>\n<p>Der Vorstand von Pro Luftfahrt e.V., 25.05.2018<br \/>\nAndreas Isenberg\u00a0 \u00a0 Thomas Strohmeier<br \/>\nPr\u00e4sident\u00a0 \u00a0 \u00a0 \u00a0 \u00a0 \u00a0 \u00a0 \u00a0 \u00a0 Vizepr\u00e4sident<\/p>\n<p>&nbsp;<\/p>\n<p>Du m\u00f6chtest uns etwas mitteilen &#8211; hierf\u00fcr kannst Du dieses Formular ausf\u00fcllen und Deine Nachricht an uns senden.<br \/>\n\n<div class=\"wpcf7 no-js\" id=\"wpcf7-f172-o1\" lang=\"de-DE\" dir=\"ltr\" data-wpcf7-id=\"172\">\n<div class=\"screen-reader-response\"><p role=\"status\" aria-live=\"polite\" aria-atomic=\"true\"><\/p> <ul><\/ul><\/div>\n<form action=\"\/index.php?rest_route=%2Fwp%2Fv2%2Fpages%2F4#wpcf7-f172-o1\" method=\"post\" class=\"wpcf7-form init\" aria-label=\"Kontaktformular\" novalidate=\"novalidate\" data-status=\"init\">\n<fieldset class=\"hidden-fields-container\"><input type=\"hidden\" name=\"_wpcf7\" value=\"172\" \/><input type=\"hidden\" name=\"_wpcf7_version\" value=\"6.1.5\" \/><input type=\"hidden\" name=\"_wpcf7_locale\" value=\"de_DE\" \/><input type=\"hidden\" name=\"_wpcf7_unit_tag\" value=\"wpcf7-f172-o1\" \/><input type=\"hidden\" name=\"_wpcf7_container_post\" value=\"0\" \/><input type=\"hidden\" name=\"_wpcf7_posted_data_hash\" value=\"\" \/>\n<\/fieldset>\n<p><label> Dein Name (Pflichtfeld)<br \/>\n<span class=\"wpcf7-form-control-wrap\" data-name=\"your-name\"><input size=\"40\" maxlength=\"400\" class=\"wpcf7-form-control wpcf7-text wpcf7-validates-as-required\" aria-required=\"true\" aria-invalid=\"false\" value=\"\" type=\"text\" name=\"your-name\" \/><\/span> <\/label>\n<\/p>\n<p><label> Deine E-Mail-Adresse (Pflichtfeld)<br \/>\n<span class=\"wpcf7-form-control-wrap\" data-name=\"your-email\"><input size=\"40\" maxlength=\"400\" class=\"wpcf7-form-control wpcf7-email wpcf7-validates-as-required wpcf7-text wpcf7-validates-as-email\" aria-required=\"true\" aria-invalid=\"false\" value=\"\" type=\"email\" name=\"your-email\" \/><\/span> <\/label>\n<\/p>\n<p><label> Betreff<br \/>\n<span class=\"wpcf7-form-control-wrap\" data-name=\"your-subject\"><input size=\"40\" maxlength=\"400\" class=\"wpcf7-form-control wpcf7-text\" aria-invalid=\"false\" value=\"\" type=\"text\" name=\"your-subject\" \/><\/span> <\/label>\n<\/p>\n<p><label> Deine Nachricht<br \/>\n<span class=\"wpcf7-form-control-wrap\" data-name=\"your-message\"><textarea cols=\"40\" rows=\"10\" maxlength=\"2000\" class=\"wpcf7-form-control wpcf7-textarea\" aria-invalid=\"false\" name=\"your-message\"><\/textarea><\/span> <\/label>\n<\/p>\n<p><input class=\"wpcf7-form-control wpcf7-submit has-spinner\" type=\"submit\" value=\"Senden\" \/>\n<\/p><div class=\"wpcf7-response-output\" aria-hidden=\"true\"><\/div>\n<\/form>\n<\/div>\n<\/p>\n","protected":false},"excerpt":{"rendered":"<p>Beitrittsformular\u00a0 \u00a0 \u00a0 \u00a0 \u00a0 \u00a0 \u00a0 \u00a0 \u00a0 Beitrittsformular Pro Luftfahrt Jesenwang e.V. Vereinssatzung\u00a0 \u00a0 \u00a0 \u00a0 \u00a0 \u00a0 \u00a0 \u00a0 \u00a0 Vereinssatzung Pro Luftfahrt Jesenwang e.V. Datenschutz (DSGVO)\u00a0 \u00a0 \u00a0 \u00a0DSGVO zur Unterzeichnung Mitglieder &nbsp; Pro Luftfahrt Jesenwang e.V. Am Flugplatz 82287 Jesenwang Vertreten durch den Pr\u00e4sidenten: Andreas Isenberg Eingetragen im Vereinsregister: beim <a class=\"more-link\" href=\"https:\/\/pl-jesenwang.de\/?page_id=4\">weiterlesen&#8230;<\/a><\/p>\n","protected":false},"author":1,"featured_media":0,"parent":0,"menu_order":7,"comment_status":"closed","ping_status":"closed","template":"","meta":{"footnotes":""},"class_list":["post-4","page","type-page","status-publish","hentry"],"_links":{"self":[{"href":"https:\/\/pl-jesenwang.de\/index.php?rest_route=\/wp\/v2\/pages\/4","targetHints":{"allow":["GET"]}}],"collection":[{"href":"https:\/\/pl-jesenwang.de\/index.php?rest_route=\/wp\/v2\/pages"}],"about":[{"href":"https:\/\/pl-jesenwang.de\/index.php?rest_route=\/wp\/v2\/types\/page"}],"author":[{"embeddable":true,"href":"https:\/\/pl-jesenwang.de\/index.php?rest_route=\/wp\/v2\/users\/1"}],"replies":[{"embeddable":true,"href":"https:\/\/pl-jesenwang.de\/index.php?rest_route=%2Fwp%2Fv2%2Fcomments&post=4"}],"version-history":[{"count":24,"href":"https:\/\/pl-jesenwang.de\/index.php?rest_route=\/wp\/v2\/pages\/4\/revisions"}],"predecessor-version":[{"id":295,"href":"https:\/\/pl-jesenwang.de\/index.php?rest_route=\/wp\/v2\/pages\/4\/revisions\/295"}],"wp:attachment":[{"href":"https:\/\/pl-jesenwang.de\/index.php?rest_route=%2Fwp%2Fv2%2Fmedia&parent=4"}],"curies":[{"name":"wp","href":"https:\/\/api.w.org\/{rel}","templated":true}]}}