{"id":44,"date":"2018-08-18T15:52:08","date_gmt":"2018-08-18T14:52:08","guid":{"rendered":"http:\/\/pl-jesenwang.de\/?page_id=44"},"modified":"2022-11-24T09:23:39","modified_gmt":"2022-11-24T08:23:39","slug":"verein","status":"publish","type":"page","link":"https:\/\/pl-jesenwang.de\/?page_id=44","title":{"rendered":"Verein"},"content":{"rendered":"<p>Beitrittsformular\u00a0 \u00a0 \u00a0 \u00a0 \u00a0 \u00a0 \u00a0 \u00a0 \u00a0<a href=\"https:\/\/pl-jesenwang.de\/wp-content\/uploads\/2018\/12\/ProLuftfahrt_Beitrittsformular_A5_2019.pdf\" target=\"_blank\" rel=\"noopener noreferrer\">Beitrittsformular Pro Luftfahrt Jesenwang e.V.<\/a><br \/>\nVereinssatzung\u00a0 \u00a0 \u00a0 \u00a0 \u00a0 \u00a0 \u00a0 \u00a0 \u00a0 <a href=\"https:\/\/pl-jesenwang.de\/wp-content\/uploads\/2019\/09\/Vereinssatzung_ProLuftfahrt_EDMJ.pdf\" target=\"_blank\" rel=\"noopener noreferrer\">Vereinssatzung Pro Luftfahrt Jesenwang e.V.<\/a><br \/>\nDatenschutz (DSGVO)\u00a0 \u00a0 \u00a0 <a href=\"https:\/\/pl-jesenwang.de\/wp-content\/uploads\/2018\/12\/DSGVO_Mitglieder_001.pdf\" target=\"_blank\" rel=\"noopener noreferrer\">DSGVO zur Unterzeichnung Mitglieder<\/a><\/p>\n<p>&nbsp;<\/p>\n<p>Schon 1990 gr\u00fcndete eine kleine Gruppe, zusammen mit Max Walch sen. (*02.09.1929 &#8211; \u202011.10.2017) einen vorerst noch recht \u00f6rtlichen Verein, zur Unterst\u00fctzung der allgemeinen Luftfahrt. Dies war der Startschuss f\u00fcr die verschiedensten Aktivit\u00e4ten, rund um den Flugplatz Jesenwang, im M\u00fcnchner Umland und weit dar\u00fcber hinaus. Ca. 500 Mitglieder aus Deutschland und der ganzen Welt treten f\u00fcr die Luftfahrt, bei Pro Luftfahrt ein.<\/p>\n<p>Seit den 90er Jahren hat sich vieles ver\u00e4ndert &#8211; nicht aber der Virus den wir alle in uns tragen. Der eine lebt diesen mit dem Gleitschirm oder dem Trike aus, der n\u00e4chste mit einem Segelflugzeug und andere wiederum mit einem Motorflugzeug. Alle haben Sie eines gemeinsam \u2013 sie machen uns vom Fu\u00dfg\u00e4nger zum Luftfahrer. Wir verlassen den Erdboden\u2026<\/p>\n<p>So fand sich also diese Gruppe, welche nicht nur \u201eFu\u00dfg\u00e4nger\u201c, sondern wie zu Lilienthals Zeiten auch abheben und durch die L\u00fcfte gleiten wollten.<br \/>\nHeute, mehr als ein Vierteljahrhundert sp\u00e4ter, und mehr als 100 Jahre nachdem der erste Mensch sich in die L\u00fcfte erhob, z\u00e4hlt der Verein eine dreistellige Mitgliederzahl, aus allen Regionen, Berufssparten und doch immer irgendwie mit Herzblut der Luftfahrt und deren Technik verbunden.<\/p>\n<p>Luftsport kann laut und leise sein, wir als ProLuftfahrt Jesenwang e.V. haben es uns auch zur Aufgabe gemacht dieses faszinierende Gef\u00fchl an Sie weiterzugeben und eben auch in`s rechte Licht zu r\u00fccken \u2013 immer mit der n\u00f6tigen R\u00fccksichtnahme verbunden. Denn Flugsport, ob Ultraleicht-, E-Klasse, Segel- und Modellflug kann heutzutage preiswert, umweltschonend, leise und gemeinschaftlich von Jung und Alt betrieben werden. Gerne stehen wir Ihnen bei Interesse Rede und Antwort!<\/p>\n<p>Als \u201ePro Luftfahrt Jesenwang e.V.\u201c haben wir uns dem Flugsport verschrieben, sehen uns immer aber auch als Bindeglied f\u00fcr diejenigen, welche auf dem Boden bleiben. Wir freuen uns immer \u00fcber ein gutes Neben- und Miteinander.<\/p>\n<p>&nbsp;<\/p>\n<p>Sprechen Sie mit uns \u2013 wir freuen uns auf Sie!<\/p>\n<p>Sie wissen nicht wo \u2013 kein Problem!<br \/>\nSie finden uns an sch\u00f6nen Tagen meist am Flugplatz EDMJ.<\/p>\n<p>Ihr Pr\u00e4sident des Pro Luftfahrt Jesenwang e.V.<br \/>\nAndreas Isenberg<\/p>\n<p>&nbsp;<\/p>\n<p>Du m\u00f6chtest uns etwas mitteilen &#8211; hierf\u00fcr kannst Du dieses Formular ausf\u00fcllen und Deine Nachricht an uns senden.<br \/>\n\n<div class=\"wpcf7 no-js\" id=\"wpcf7-f172-o1\" lang=\"de-DE\" dir=\"ltr\" data-wpcf7-id=\"172\">\n<div class=\"screen-reader-response\"><p role=\"status\" aria-live=\"polite\" aria-atomic=\"true\"><\/p> <ul><\/ul><\/div>\n<form action=\"\/index.php?rest_route=%2Fwp%2Fv2%2Fpages%2F44#wpcf7-f172-o1\" method=\"post\" class=\"wpcf7-form init\" aria-label=\"Kontaktformular\" novalidate=\"novalidate\" data-status=\"init\">\n<fieldset class=\"hidden-fields-container\"><input type=\"hidden\" name=\"_wpcf7\" value=\"172\" \/><input type=\"hidden\" name=\"_wpcf7_version\" value=\"6.1.5\" \/><input type=\"hidden\" name=\"_wpcf7_locale\" value=\"de_DE\" \/><input type=\"hidden\" name=\"_wpcf7_unit_tag\" value=\"wpcf7-f172-o1\" \/><input type=\"hidden\" name=\"_wpcf7_container_post\" value=\"0\" \/><input type=\"hidden\" name=\"_wpcf7_posted_data_hash\" value=\"\" \/>\n<\/fieldset>\n<p><label> Dein Name (Pflichtfeld)<br \/>\n<span class=\"wpcf7-form-control-wrap\" data-name=\"your-name\"><input size=\"40\" maxlength=\"400\" class=\"wpcf7-form-control wpcf7-text wpcf7-validates-as-required\" aria-required=\"true\" aria-invalid=\"false\" value=\"\" type=\"text\" name=\"your-name\" \/><\/span> <\/label>\n<\/p>\n<p><label> Deine E-Mail-Adresse (Pflichtfeld)<br \/>\n<span class=\"wpcf7-form-control-wrap\" data-name=\"your-email\"><input size=\"40\" maxlength=\"400\" class=\"wpcf7-form-control wpcf7-email wpcf7-validates-as-required wpcf7-text wpcf7-validates-as-email\" aria-required=\"true\" aria-invalid=\"false\" value=\"\" type=\"email\" name=\"your-email\" \/><\/span> <\/label>\n<\/p>\n<p><label> Betreff<br \/>\n<span class=\"wpcf7-form-control-wrap\" data-name=\"your-subject\"><input size=\"40\" maxlength=\"400\" class=\"wpcf7-form-control wpcf7-text\" aria-invalid=\"false\" value=\"\" type=\"text\" name=\"your-subject\" \/><\/span> <\/label>\n<\/p>\n<p><label> Deine Nachricht<br \/>\n<span class=\"wpcf7-form-control-wrap\" data-name=\"your-message\"><textarea cols=\"40\" rows=\"10\" maxlength=\"2000\" class=\"wpcf7-form-control wpcf7-textarea\" aria-invalid=\"false\" name=\"your-message\"><\/textarea><\/span> <\/label>\n<\/p>\n<p><input class=\"wpcf7-form-control wpcf7-submit has-spinner\" type=\"submit\" value=\"Senden\" \/>\n<\/p><div class=\"wpcf7-response-output\" aria-hidden=\"true\"><\/div>\n<\/form>\n<\/div>\n<\/p>\n","protected":false},"excerpt":{"rendered":"<p>Beitrittsformular\u00a0 \u00a0 \u00a0 \u00a0 \u00a0 \u00a0 \u00a0 \u00a0 \u00a0Beitrittsformular Pro Luftfahrt Jesenwang e.V. Vereinssatzung\u00a0 \u00a0 \u00a0 \u00a0 \u00a0 \u00a0 \u00a0 \u00a0 \u00a0 Vereinssatzung Pro Luftfahrt Jesenwang e.V. Datenschutz (DSGVO)\u00a0 \u00a0 \u00a0 DSGVO zur Unterzeichnung Mitglieder &nbsp; Schon 1990 gr\u00fcndete eine kleine Gruppe, zusammen mit Max Walch sen. (*02.09.1929 &#8211; \u202011.10.2017) einen vorerst noch recht \u00f6rtlichen <a class=\"more-link\" href=\"https:\/\/pl-jesenwang.de\/?page_id=44\">weiterlesen&#8230;<\/a><\/p>\n","protected":false},"author":1,"featured_media":0,"parent":0,"menu_order":1,"comment_status":"closed","ping_status":"closed","template":"","meta":{"footnotes":""},"class_list":["post-44","page","type-page","status-publish","hentry"],"_links":{"self":[{"href":"https:\/\/pl-jesenwang.de\/index.php?rest_route=\/wp\/v2\/pages\/44","targetHints":{"allow":["GET"]}}],"collection":[{"href":"https:\/\/pl-jesenwang.de\/index.php?rest_route=\/wp\/v2\/pages"}],"about":[{"href":"https:\/\/pl-jesenwang.de\/index.php?rest_route=\/wp\/v2\/types\/page"}],"author":[{"embeddable":true,"href":"https:\/\/pl-jesenwang.de\/index.php?rest_route=\/wp\/v2\/users\/1"}],"replies":[{"embeddable":true,"href":"https:\/\/pl-jesenwang.de\/index.php?rest_route=%2Fwp%2Fv2%2Fcomments&post=44"}],"version-history":[{"count":22,"href":"https:\/\/pl-jesenwang.de\/index.php?rest_route=\/wp\/v2\/pages\/44\/revisions"}],"predecessor-version":[{"id":291,"href":"https:\/\/pl-jesenwang.de\/index.php?rest_route=\/wp\/v2\/pages\/44\/revisions\/291"}],"wp:attachment":[{"href":"https:\/\/pl-jesenwang.de\/index.php?rest_route=%2Fwp%2Fv2%2Fmedia&parent=44"}],"curies":[{"name":"wp","href":"https:\/\/api.w.org\/{rel}","templated":true}]}}