{"id":46,"date":"2026-01-01T15:53:23","date_gmt":"2026-01-01T14:53:23","guid":{"rendered":"http:\/\/pl-jesenwang.de\/?page_id=46"},"modified":"2026-02-16T10:01:00","modified_gmt":"2026-02-16T09:01:00","slug":"weitere-veranstaltungen","status":"publish","type":"page","link":"https:\/\/pl-jesenwang.de\/?page_id=46","title":{"rendered":"Termine 2026"},"content":{"rendered":"<p>Liebe Freunde des Vereins Pro Luftfahrt Jesenwang e.V.,<br \/>\nhier findet Ihr eine Aufstellung aller angedachten Termine im Vereinsjahr 2026. Diese sind wie vor schon erw\u00e4hnt teils offen f\u00fcr Alle und teils nur f\u00fcr Mitglieder des Vereins. M\u00f6chtest Du auch dabei sein und bist noch kein Mitglied &#8211; kein Problem. Wenn Du hier klickst, dann gelangst Du zum Mitglieder-Aufnahme-Formular. Dein kleiner Beitrag f\u00fcr den Erhalt und die F\u00f6rderung der Luftfahrt. <a href=\"https:\/\/pl-jesenwang.de\/?page_id=44\">Verein \u2013 Pro Luftfahrt Jesenwang e.V. (pl-jesenwang.de)<\/a><\/p>\n<p>&nbsp;<\/p>\n<p><strong><span style=\"color: #ffff00;\">Weitere Termine in 2026<\/span><\/strong><\/p>\n<p><em><strong><span style=\"color: #ff9900;\">06. M\u00e4rz 2026 &#8211;\u00a0 19:30h<br \/>\n<\/span><\/strong><\/em><em><strong>Pro Luftfahrt Jahreshauptversammlung (ohne Neuwahlen) &#8211;\u00a0 Beginn 19:00 Uhr (LT)<br \/>\n<\/strong><\/em>im FlyIn EDMJ &#8211; Flugplatz Jesenwang<\/p>\n<p><em><strong><span style=\"color: #ff0000;\"><span style=\"color: #ff9900;\">28. M\u00e4rz 2026 &#8211; 19:00h &#8211; Refresher Abend\u00a0<\/span><\/span><br \/>\nFit in die Saison 2026 mit Informationen, News und hilfreichen Hints.<\/strong><\/em><\/p>\n<p><strong><span style=\"color: #ff9900;\">01. Mai 2026 ganzt\u00e4gig \/ Vorabend Aufbau mit Grillabend f\u00fcr Helfer<\/span><br \/>\nUL FlyIn EDMJ (am Vorabend Aufbau)<\/strong><\/p>\n<p><strong><span style=\"color: #ff9900;\">25. Juli 2026<br \/>\n<\/span><\/strong><strong>Fliegen f\u00fcr und mit Menschen mit Beeintr\u00e4chtigung (genauer Termin wird noch bekanntgegeben)<br \/>\n<\/strong><\/p>\n<p><strong><span style=\"color: #ff9900;\">28. August 2026<br \/>\n<\/span><\/strong><strong>Kinder Ferienspiele am Flugplatz Jesenwang<br \/>\nACHTUNG: Begrenzte Teilnehmeranzahl \/ f\u00fcr Kinder aus der Gemeinde Jesenwang<\/strong><\/p>\n<p>&nbsp;<\/p>\n<p><span style=\"color: #ffffff;\">Du m\u00f6chtest uns etwas mitteilen &#8211; hierf\u00fcr kannst Du dieses Formular ausf\u00fcllen und Deine Nachricht an uns senden.<\/span><br \/>\n\n<div class=\"wpcf7 no-js\" id=\"wpcf7-f172-o1\" lang=\"de-DE\" dir=\"ltr\" data-wpcf7-id=\"172\">\n<div class=\"screen-reader-response\"><p role=\"status\" aria-live=\"polite\" aria-atomic=\"true\"><\/p> <ul><\/ul><\/div>\n<form action=\"\/index.php?rest_route=%2Fwp%2Fv2%2Fpages%2F46#wpcf7-f172-o1\" method=\"post\" class=\"wpcf7-form init\" aria-label=\"Kontaktformular\" novalidate=\"novalidate\" data-status=\"init\">\n<fieldset class=\"hidden-fields-container\"><input type=\"hidden\" name=\"_wpcf7\" value=\"172\" \/><input type=\"hidden\" name=\"_wpcf7_version\" value=\"6.1.5\" \/><input type=\"hidden\" name=\"_wpcf7_locale\" value=\"de_DE\" \/><input type=\"hidden\" name=\"_wpcf7_unit_tag\" value=\"wpcf7-f172-o1\" \/><input type=\"hidden\" name=\"_wpcf7_container_post\" value=\"0\" \/><input type=\"hidden\" name=\"_wpcf7_posted_data_hash\" value=\"\" \/>\n<\/fieldset>\n<p><label> Dein Name (Pflichtfeld)<br \/>\n<span class=\"wpcf7-form-control-wrap\" data-name=\"your-name\"><input size=\"40\" maxlength=\"400\" class=\"wpcf7-form-control wpcf7-text wpcf7-validates-as-required\" aria-required=\"true\" aria-invalid=\"false\" value=\"\" type=\"text\" name=\"your-name\" \/><\/span> <\/label>\n<\/p>\n<p><label> Deine E-Mail-Adresse (Pflichtfeld)<br \/>\n<span class=\"wpcf7-form-control-wrap\" data-name=\"your-email\"><input size=\"40\" maxlength=\"400\" class=\"wpcf7-form-control wpcf7-email wpcf7-validates-as-required wpcf7-text wpcf7-validates-as-email\" aria-required=\"true\" aria-invalid=\"false\" value=\"\" type=\"email\" name=\"your-email\" \/><\/span> <\/label>\n<\/p>\n<p><label> Betreff<br \/>\n<span class=\"wpcf7-form-control-wrap\" data-name=\"your-subject\"><input size=\"40\" maxlength=\"400\" class=\"wpcf7-form-control wpcf7-text\" aria-invalid=\"false\" value=\"\" type=\"text\" name=\"your-subject\" \/><\/span> <\/label>\n<\/p>\n<p><label> Deine Nachricht<br \/>\n<span class=\"wpcf7-form-control-wrap\" data-name=\"your-message\"><textarea cols=\"40\" rows=\"10\" maxlength=\"2000\" class=\"wpcf7-form-control wpcf7-textarea\" aria-invalid=\"false\" name=\"your-message\"><\/textarea><\/span> <\/label>\n<\/p>\n<p><input class=\"wpcf7-form-control wpcf7-submit has-spinner\" type=\"submit\" value=\"Senden\" \/>\n<\/p><div class=\"wpcf7-response-output\" aria-hidden=\"true\"><\/div>\n<\/form>\n<\/div>\n<\/p>\n","protected":false},"excerpt":{"rendered":"<p>Liebe Freunde des Vereins Pro Luftfahrt Jesenwang e.V., hier findet Ihr eine Aufstellung aller angedachten Termine im Vereinsjahr 2026. Diese sind wie vor schon erw\u00e4hnt teils offen f\u00fcr Alle und teils nur f\u00fcr Mitglieder des Vereins. M\u00f6chtest Du auch dabei sein und bist noch kein Mitglied &#8211; kein Problem. Wenn Du hier klickst, dann gelangst <a class=\"more-link\" href=\"https:\/\/pl-jesenwang.de\/?page_id=46\">weiterlesen&#8230;<\/a><\/p>\n","protected":false},"author":1,"featured_media":0,"parent":0,"menu_order":5,"comment_status":"closed","ping_status":"closed","template":"","meta":{"footnotes":""},"class_list":["post-46","page","type-page","status-publish","hentry"],"_links":{"self":[{"href":"https:\/\/pl-jesenwang.de\/index.php?rest_route=\/wp\/v2\/pages\/46","targetHints":{"allow":["GET"]}}],"collection":[{"href":"https:\/\/pl-jesenwang.de\/index.php?rest_route=\/wp\/v2\/pages"}],"about":[{"href":"https:\/\/pl-jesenwang.de\/index.php?rest_route=\/wp\/v2\/types\/page"}],"author":[{"embeddable":true,"href":"https:\/\/pl-jesenwang.de\/index.php?rest_route=\/wp\/v2\/users\/1"}],"replies":[{"embeddable":true,"href":"https:\/\/pl-jesenwang.de\/index.php?rest_route=%2Fwp%2Fv2%2Fcomments&post=46"}],"version-history":[{"count":53,"href":"https:\/\/pl-jesenwang.de\/index.php?rest_route=\/wp\/v2\/pages\/46\/revisions"}],"predecessor-version":[{"id":706,"href":"https:\/\/pl-jesenwang.de\/index.php?rest_route=\/wp\/v2\/pages\/46\/revisions\/706"}],"wp:attachment":[{"href":"https:\/\/pl-jesenwang.de\/index.php?rest_route=%2Fwp%2Fv2%2Fmedia&parent=46"}],"curies":[{"name":"wp","href":"https:\/\/api.w.org\/{rel}","templated":true}]}}