{"id":609,"date":"2023-08-31T18:18:07","date_gmt":"2023-08-31T17:18:07","guid":{"rendered":"https:\/\/pl-jesenwang.de\/?page_id=609"},"modified":"2024-07-31T13:01:27","modified_gmt":"2024-07-31T12:01:27","slug":"weitere-veranstaltungen-2","status":"publish","type":"page","link":"https:\/\/pl-jesenwang.de\/?page_id=609","title":{"rendered":"Weitere Veranstaltungen"},"content":{"rendered":"<p><strong>Pro Luftfahrt Jesenwang<\/strong><\/p>\n<p>macht aber noch etwas mehr&#8230;<\/p>\n<p>Fliegen f\u00fcr Menschen mit Handicap<br \/>\nJ\u00e4hrlich, im August, erm\u00f6glichen wir es einer Gruppe von Menschen welche nicht immer auf der Sonnenseite des Lebens steht, einen sch\u00f6nen Tag auf dem Flugplatz zu verbringen. Die Welt einmal von oben zu sehen und die Sonne aus der Sicht eines Piloten zu genie\u00dfen.<br \/>\nKennt Ihr eine besondere Einrichtung \/ Gruppe welche aus Eurer Sicht auch einmal in den Genu\u00df kommen sollte, dann freuen wir uns auf Eure Anregung(en). Gerne nehmen wir diese auf. Unsere Vorst\u00e4nde werden diese dann pr\u00fcfen und einstimnmig einen Beschlu\u00df fassen, welche der Vorschl\u00e4ge in dem Jahr in die Tat umgesetzt werden wird.<\/p>\n<p>Kinder Ferienspiele<br \/>\nSommerzeit ist Ferienzeit und manche Eltern verreisen mit dem PKW, der Bahn oder auch mit dem Flugzeug.<br \/>\nVerreisen, ja das passiert h\u00e4ufig auch per Flugzeug und das ist faszinierend. Kinderaugen k\u00f6nnen an diesem Tag den Flugplatz erleben. Hoch in den Tower und sehen was ein Flugleiter alles zu tun hat. Miteinander etwas &#8222;Luftfahrtverwandtes&#8220; basteln und gemeinsam &#8222;fliegen lassen&#8220;.<br \/>\nEin toller Tag der Kinderaugen leuchten l\u00e4sst und so manches dieser f\u00fcr sein Leben gepr\u00e4gt hat. Die Folgen sind bekannt, der ein oder andere wurde dann Pilot, Controller am Flughafen, oder Ramp-Agent, oder oder oder&#8230;.<\/p>\n<p>Bei beiden Veranstaltungen ist die Teilnehmeranzahl begrenzt.<br \/>\nFerienspiele erfordern zwingend die Anmeldung \u00fcber das von der Gemeinde herausgegebene Anmeldeformular.<br \/>\nFliegen f\u00fcr Menschen mit Handicap, nach Kl\u00e4rung der jeweiligen Einschr\u00e4nkungen und Zusage durch die Vorstandschaft.<\/p>\n","protected":false},"excerpt":{"rendered":"<p>Pro Luftfahrt Jesenwang macht aber noch etwas mehr&#8230; Fliegen f\u00fcr Menschen mit Handicap J\u00e4hrlich, im August, erm\u00f6glichen wir es einer Gruppe von Menschen welche nicht immer auf der Sonnenseite des Lebens steht, einen sch\u00f6nen Tag auf dem Flugplatz zu verbringen. Die Welt einmal von oben zu sehen und die Sonne aus der Sicht eines Piloten <a class=\"more-link\" href=\"https:\/\/pl-jesenwang.de\/?page_id=609\">weiterlesen&#8230;<\/a><\/p>\n","protected":false},"author":1,"featured_media":0,"parent":0,"menu_order":2,"comment_status":"closed","ping_status":"closed","template":"","meta":{"footnotes":""},"class_list":["post-609","page","type-page","status-publish","hentry"],"_links":{"self":[{"href":"https:\/\/pl-jesenwang.de\/index.php?rest_route=\/wp\/v2\/pages\/609","targetHints":{"allow":["GET"]}}],"collection":[{"href":"https:\/\/pl-jesenwang.de\/index.php?rest_route=\/wp\/v2\/pages"}],"about":[{"href":"https:\/\/pl-jesenwang.de\/index.php?rest_route=\/wp\/v2\/types\/page"}],"author":[{"embeddable":true,"href":"https:\/\/pl-jesenwang.de\/index.php?rest_route=\/wp\/v2\/users\/1"}],"replies":[{"embeddable":true,"href":"https:\/\/pl-jesenwang.de\/index.php?rest_route=%2Fwp%2Fv2%2Fcomments&post=609"}],"version-history":[{"count":1,"href":"https:\/\/pl-jesenwang.de\/index.php?rest_route=\/wp\/v2\/pages\/609\/revisions"}],"predecessor-version":[{"id":610,"href":"https:\/\/pl-jesenwang.de\/index.php?rest_route=\/wp\/v2\/pages\/609\/revisions\/610"}],"wp:attachment":[{"href":"https:\/\/pl-jesenwang.de\/index.php?rest_route=%2Fwp%2Fv2%2Fmedia&parent=609"}],"curies":[{"name":"wp","href":"https:\/\/api.w.org\/{rel}","templated":true}]}}